{"id":6,"date":"2018-01-03T17:25:29","date_gmt":"2018-01-03T16:25:29","guid":{"rendered":"https:\/\/fluehs-elektromaschinen.de\/site\/?page_id=6"},"modified":"2018-01-13T12:36:58","modified_gmt":"2018-01-13T11:36:58","slug":"kontakt","status":"publish","type":"page","link":"https:\/\/fluehs-elektromaschinen.de\/site\/index.php\/kontakt\/","title":{"rendered":"Kontakt"},"content":{"rendered":"<p><strong>Otto Fl\u00fchs Elektromaschinenbau<\/strong><br \/>\n<strong> Inh. Markus J\u00fcrgens<img loading=\"lazy\" decoding=\"async\" class=\"size-full wp-image-152 alignright\" src=\"https:\/\/fluehs-elektromaschinen.de\/site\/wp-content\/uploads\/2018\/01\/e_motor_tz.jpg\" alt=\"\" width=\"228\" height=\"241\" \/><\/strong><br \/>\n<strong> Jahnstra\u00dfe 46<\/strong><br \/>\n<strong> 58285 Gevelsberg<\/strong><\/p>\n<p><strong>Tel.: (0 23 32) 78 95 -0<\/strong><br \/>\n<strong> Fax: (0 23 32) 78 95 -43<\/strong><\/p>\n<p><strong>E-Mail: <a href=\"mailto:info@fluehs-elektromaschinen.de\">info@fluehs-elektromaschinen.de<\/a><\/strong><\/p>\n","protected":false},"excerpt":{"rendered":"<p>Otto Fl\u00fchs Elektromaschinenbau Inh. Markus J\u00fcrgens Jahnstra\u00dfe 46 58285 Gevelsberg Tel.: (0 23 32) 78 95 -0 Fax: (0 23 [&hellip;]<\/p>\n","protected":false},"author":1,"featured_media":0,"parent":0,"menu_order":0,"comment_status":"closed","ping_status":"closed","template":"","meta":{"footnotes":""},"class_list":["post-6","page","type-page","status-publish","hentry"],"_links":{"self":[{"href":"https:\/\/fluehs-elektromaschinen.de\/site\/index.php\/wp-json\/wp\/v2\/pages\/6","targetHints":{"allow":["GET"]}}],"collection":[{"href":"https:\/\/fluehs-elektromaschinen.de\/site\/index.php\/wp-json\/wp\/v2\/pages"}],"about":[{"href":"https:\/\/fluehs-elektromaschinen.de\/site\/index.php\/wp-json\/wp\/v2\/types\/page"}],"author":[{"embeddable":true,"href":"https:\/\/fluehs-elektromaschinen.de\/site\/index.php\/wp-json\/wp\/v2\/users\/1"}],"replies":[{"embeddable":true,"href":"https:\/\/fluehs-elektromaschinen.de\/site\/index.php\/wp-json\/wp\/v2\/comments?post=6"}],"version-history":[{"count":5,"href":"https:\/\/fluehs-elektromaschinen.de\/site\/index.php\/wp-json\/wp\/v2\/pages\/6\/revisions"}],"predecessor-version":[{"id":142,"href":"https:\/\/fluehs-elektromaschinen.de\/site\/index.php\/wp-json\/wp\/v2\/pages\/6\/revisions\/142"}],"wp:attachment":[{"href":"https:\/\/fluehs-elektromaschinen.de\/site\/index.php\/wp-json\/wp\/v2\/media?parent=6"}],"curies":[{"name":"wp","href":"https:\/\/api.w.org\/{rel}","templated":true}]}}