{"id":8,"date":"2018-01-03T17:29:41","date_gmt":"2018-01-03T16:29:41","guid":{"rendered":"https:\/\/fluehs-elektromaschinen.de\/site\/?page_id=8"},"modified":"2025-07-24T11:30:38","modified_gmt":"2025-07-24T09:30:38","slug":"impressum","status":"publish","type":"page","link":"https:\/\/fluehs-elektromaschinen.de\/site\/index.php\/impressum\/","title":{"rendered":"Impressum"},"content":{"rendered":"<h1>Impressum<\/h1>\n<p>Markus J\u00fcrgens<br \/>\nOtto Fl\u00fchs Elektromaschinenbau<br \/>\nJahnstra\u00dfe 46<br \/>\n58285 Gevelsberg<\/p>\n<h2>Kontakt<\/h2>\n<p>Telefon: +49 2332 7895-0<br \/>\nTelefax: +49 2332 7895-43<br \/>\nE-Mail: info@fluehs-elektromaschinen.de<\/p>\n<h2>Umsatzsteuer-ID<\/h2>\n<p>Umsatzsteuer-Identifikationsnummer gem\u00e4\u00df \u00a7 27 a Umsatzsteuergesetz:<br \/>\nDE180791323<\/p>\n<h2>Angaben zur Berufs\u00adhaftpflicht\u00adversicherung<\/h2>\n<p><strong>Name und Sitz des Versicherers:<\/strong><br \/>\nAllianz Versicherungs AG<br \/>\n10900 Berlin<\/p>\n<p><strong>Geltungsraum der Versicherung:<\/strong><br \/>\nDeutschland<\/p>\n<h2>Verbraucher\u00adstreit\u00adbeilegung\/Universal\u00adschlichtungs\u00adstelle<\/h2>\n<p>Wir sind nicht bereit oder verpflichtet, an Streitbeilegungsverfahren vor einer Verbraucherschlichtungsstelle teilzunehmen.<\/p>\n<p>Quelle: <a href=\"https:\/\/www.e-recht24.de\">eRecht24<\/a><\/p>\n","protected":false},"excerpt":{"rendered":"<p>Impressum Markus J\u00fcrgens Otto Fl\u00fchs Elektromaschinenbau Jahnstra\u00dfe 46 58285 Gevelsberg Kontakt Telefon: +49 2332 7895-0 Telefax: +49 2332 7895-43 E-Mail: [&hellip;]<\/p>\n","protected":false},"author":1,"featured_media":0,"parent":0,"menu_order":0,"comment_status":"closed","ping_status":"closed","template":"","meta":{"footnotes":""},"class_list":["post-8","page","type-page","status-publish","hentry"],"_links":{"self":[{"href":"https:\/\/fluehs-elektromaschinen.de\/site\/index.php\/wp-json\/wp\/v2\/pages\/8","targetHints":{"allow":["GET"]}}],"collection":[{"href":"https:\/\/fluehs-elektromaschinen.de\/site\/index.php\/wp-json\/wp\/v2\/pages"}],"about":[{"href":"https:\/\/fluehs-elektromaschinen.de\/site\/index.php\/wp-json\/wp\/v2\/types\/page"}],"author":[{"embeddable":true,"href":"https:\/\/fluehs-elektromaschinen.de\/site\/index.php\/wp-json\/wp\/v2\/users\/1"}],"replies":[{"embeddable":true,"href":"https:\/\/fluehs-elektromaschinen.de\/site\/index.php\/wp-json\/wp\/v2\/comments?post=8"}],"version-history":[{"count":6,"href":"https:\/\/fluehs-elektromaschinen.de\/site\/index.php\/wp-json\/wp\/v2\/pages\/8\/revisions"}],"predecessor-version":[{"id":205,"href":"https:\/\/fluehs-elektromaschinen.de\/site\/index.php\/wp-json\/wp\/v2\/pages\/8\/revisions\/205"}],"wp:attachment":[{"href":"https:\/\/fluehs-elektromaschinen.de\/site\/index.php\/wp-json\/wp\/v2\/media?parent=8"}],"curies":[{"name":"wp","href":"https:\/\/api.w.org\/{rel}","templated":true}]}}