{"id":81,"date":"2018-01-09T14:51:53","date_gmt":"2018-01-09T13:51:53","guid":{"rendered":"https:\/\/fluehs-elektromaschinen.de\/site\/?page_id=81"},"modified":"2024-08-13T11:15:46","modified_gmt":"2024-08-13T09:15:46","slug":"reparatur","status":"publish","type":"page","link":"https:\/\/fluehs-elektromaschinen.de\/site\/index.php\/reparatur\/","title":{"rendered":"Reparatur"},"content":{"rendered":"<h3>Unserer Reparaturservice wird Sie \u00fcberzeugen<\/h3>\n<p><strong>In unserer Werkstatt werden Elektro\u00admaschinen s\u00e4mtlicher Hersteller repariert!<\/strong><\/p>\n<p><b><img loading=\"lazy\" decoding=\"async\" class=\"size-medium wp-image-95 alignleft\" src=\"https:\/\/fluehs-elektromaschinen.de\/site\/wp-content\/uploads\/2018\/01\/wuchtbank-300x216.jpg\" alt=\"\" width=\"300\" height=\"216\" srcset=\"https:\/\/fluehs-elektromaschinen.de\/site\/wp-content\/uploads\/2018\/01\/wuchtbank-300x216.jpg 300w, https:\/\/fluehs-elektromaschinen.de\/site\/wp-content\/uploads\/2018\/01\/wuchtbank.jpg 440w\" sizes=\"auto, (max-width: 300px) 100vw, 300px\" \/>Zum Beispiel:<\/b>\u00a0Drehstrommotoren, Gleichstrommotoren, Hochfrequenzmotoren, Getriebemotoren, Trommelmotoren, Elektrowerkzeuge, Stromerzeuger, Schwei\u00dfger\u00e4te, E-Pumpen, Kompressoren, Hebewerkzeug, usw.<br \/>\nAlle Elektromotoren werden von unserem gut geschulten Mitarbeitern schnell und kompetent repariert.<br \/>\n<b>Ganz gleich, welcher Defekt Ihren Motor lahmgelegt hat, wir beheben es.<\/b><\/p>\n<h4>Vorbeugende Instandhaltung<\/h4>\n<p><b><img loading=\"lazy\" decoding=\"async\" class=\"size-medium wp-image-102 alignright\" src=\"https:\/\/fluehs-elektromaschinen.de\/site\/wp-content\/uploads\/2018\/01\/3-227x300.jpg\" alt=\"\" width=\"227\" height=\"300\" srcset=\"https:\/\/fluehs-elektromaschinen.de\/site\/wp-content\/uploads\/2018\/01\/3-227x300.jpg 227w, https:\/\/fluehs-elektromaschinen.de\/site\/wp-content\/uploads\/2018\/01\/3.jpg 440w\" sizes=\"auto, (max-width: 227px) 100vw, 227px\" \/><\/b><\/p>\n<p>Eine regelm\u00e4\u00dfige Wartung der Maschinen und Motoren sch\u00fctzt vor Ausfall und erh\u00f6ht die Betriebssicherheit. Wir sorgen f\u00fcr einen fachm\u00e4nnischen Ausbau vor Ort und Abtransport zu unserer Werkstatt. Wenn n\u00f6tig setzen wir auch Spezialfahrzeuge daf\u00fcr ein.<\/p>\n<p><b>Optimale Sicherheit ist hier stets das erste Gebot.<\/b><\/p>\n<h4>Die Vorz\u00fcge von Fl\u00fchs ELEKTROMASCHINEN<\/h4>\n<table border=\"0\" width=\"100%\" cellspacing=\"0\" cellpadding=\"0\">\n<tbody>\n<tr>\n<td valign=\"top\" width=\"50%\"><b>\u2022 modern ausgestattete Werkstatt<\/b><\/td>\n<td valign=\"top\" width=\"50%\"><b>\u2022 Auswuchtungen<\/b><\/td>\n<\/tr>\n<tr>\n<td valign=\"top\" width=\"50%\"><b>\u2022 jederzeit einsetzbares Fachpersonal vor Ort<\/b><\/td>\n<td valign=\"top\" width=\"50%\"><b>\u2022 Kapazit\u00e4t f\u00fcr Motoren bis ca. Baugr\u00f6\u00dfe 355<\/b><\/td>\n<\/tr>\n<tr>\n<td valign=\"top\" width=\"50%\"><b>\u2022 Belastungs- bzw. Endpr\u00fcfung auf modernem Pr\u00fcfstand<br \/>\n<\/b><\/td>\n<td valign=\"top\" width=\"50%\"><b>\u2022 Vertriebs- und Servicepartner von: <\/b> <img loading=\"lazy\" decoding=\"async\" class=\"alignnone size-full wp-image-178\" src=\"https:\/\/fluehs-elektromaschinen.de\/site\/wp-content\/uploads\/lowara-pumpen.png\" alt=\"\" width=\"217\" height=\"103\" \/><\/p>\n<div class=\"text\">\n<h2><a href=\"http:\/\/lowara.de\/\">Lowara<\/a><\/h2>\n<p>Lowara ist weltweit f\u00fchrend in der Herstellung von Edelstahlpumpen mit einem breiten Anwendungsgebiet in der Wasserversorgung, Bew\u00e4sserungstechnik, Heizungs- und Klimatechnik, Wasseraufbereitung sowie Feuerl\u00f6schanlagen in der Geb\u00e4udetechnik, Industrie und Landwirtschaft .<\/p>\n<\/div>\n<p><b>\u00a0<\/b><\/td>\n<\/tr>\n<\/tbody>\n<\/table>\n<h4><span style=\"color: #ffffff;\">\u00a0Fl\u00fchs<\/span><\/h4>\n<h4><span style=\"color: #ffffff;\">\u00a0Fl\u00fchs<\/span><\/h4>\n<h4>Mobiler Elektrowerkzeugservice<\/h4>\n<p>Mit unserem optimal ausger\u00fcsteten Montagefahrzeug pr\u00fcfen wir s\u00e4mtliche Elektrowerkzeuge vor Ort.<br \/>\nF\u00fcr Sie ein echter Zeitvorteil!<\/p>\n","protected":false},"excerpt":{"rendered":"<p>Unserer Reparaturservice wird Sie \u00fcberzeugen In unserer Werkstatt werden Elektro\u00admaschinen s\u00e4mtlicher Hersteller repariert! Zum Beispiel:\u00a0Drehstrommotoren, Gleichstrommotoren, Hochfrequenzmotoren, Getriebemotoren, Trommelmotoren, Elektrowerkzeuge, [&hellip;]<\/p>\n","protected":false},"author":1,"featured_media":0,"parent":0,"menu_order":0,"comment_status":"closed","ping_status":"closed","template":"","meta":{"footnotes":""},"class_list":["post-81","page","type-page","status-publish","hentry"],"_links":{"self":[{"href":"https:\/\/fluehs-elektromaschinen.de\/site\/index.php\/wp-json\/wp\/v2\/pages\/81","targetHints":{"allow":["GET"]}}],"collection":[{"href":"https:\/\/fluehs-elektromaschinen.de\/site\/index.php\/wp-json\/wp\/v2\/pages"}],"about":[{"href":"https:\/\/fluehs-elektromaschinen.de\/site\/index.php\/wp-json\/wp\/v2\/types\/page"}],"author":[{"embeddable":true,"href":"https:\/\/fluehs-elektromaschinen.de\/site\/index.php\/wp-json\/wp\/v2\/users\/1"}],"replies":[{"embeddable":true,"href":"https:\/\/fluehs-elektromaschinen.de\/site\/index.php\/wp-json\/wp\/v2\/comments?post=81"}],"version-history":[{"count":15,"href":"https:\/\/fluehs-elektromaschinen.de\/site\/index.php\/wp-json\/wp\/v2\/pages\/81\/revisions"}],"predecessor-version":[{"id":179,"href":"https:\/\/fluehs-elektromaschinen.de\/site\/index.php\/wp-json\/wp\/v2\/pages\/81\/revisions\/179"}],"wp:attachment":[{"href":"https:\/\/fluehs-elektromaschinen.de\/site\/index.php\/wp-json\/wp\/v2\/media?parent=81"}],"curies":[{"name":"wp","href":"https:\/\/api.w.org\/{rel}","templated":true}]}}