{"id":84,"date":"2018-01-09T14:52:05","date_gmt":"2018-01-09T13:52:05","guid":{"rendered":"https:\/\/fluehs-elektromaschinen.de\/site\/?page_id=84"},"modified":"2018-01-13T11:38:06","modified_gmt":"2018-01-13T10:38:06","slug":"verkauf","status":"publish","type":"page","link":"https:\/\/fluehs-elektromaschinen.de\/site\/index.php\/verkauf\/","title":{"rendered":"Verkauf"},"content":{"rendered":"<h4>Unser Verkauf bietet Ihnen Qualit\u00e4t\u00a0zum g\u00fcnstigen Preis<\/h4>\n<p><strong>Der Markt<\/strong><strong>\u00a0bietet verschiedene Leistungs\u00adklassen und Spezifika\u00adtionen<\/strong><\/p>\n<p><img loading=\"lazy\" decoding=\"async\" class=\"size-full wp-image-107 alignleft\" src=\"https:\/\/fluehs-elektromaschinen.de\/site\/wp-content\/uploads\/2018\/01\/verkauf1.jpg\" alt=\"\" width=\"276\" height=\"190\" \/><\/p>\n<p>Wir machen f\u00fcr Sie die F\u00fclle der verschiedenen verf\u00fcgbaren Motoren durchschaubar.<b><br \/>\nOb Getriebe-, Trommel- oder Gleichstrommotoren, nach eingehender Beratung werden Sie bei uns immer das Passende finden.<\/b><\/p>\n<p><strong>Es muss dabei nicht immer ein Neuger\u00e4t sein.<\/strong><\/p>\n<p>&nbsp;<\/p>\n<p>Durch unsere umfangreiche Lagerhaltung k\u00f6nnen wir Ihnen auch\u00a0<b>kurzfristig gebrauchte Elektromotoren bereitstellen.<\/b><\/p>\n<p>&nbsp;<\/p>\n<p>&nbsp;<\/p>\n<h5><strong>Unser gro\u00dfes Angebot von Markenherstellern beinhaltet<\/strong><\/h5>\n<p><img loading=\"lazy\" decoding=\"async\" class=\"wp-image-111 alignright\" src=\"https:\/\/fluehs-elektromaschinen.de\/site\/wp-content\/uploads\/2018\/01\/elektromotor-300x267.jpg\" alt=\"\" width=\"218\" height=\"194\" \/><\/p>\n<ul class=\"ulextra\">\n<li>Elektrische Maschinen<\/li>\n<li>Pumpen<\/li>\n<li>Hebewerkzeuge<\/li>\n<li>Elektrowerkzeuge<\/li>\n<\/ul>\n<p>&nbsp;<\/p>\n<p>&nbsp;<\/p>\n<p>&nbsp;<\/p>\n<p>&nbsp;<\/p>\n<h5><strong>Umbau und Sonderkonstruktionen<\/strong><\/h5>\n<p>Das Angebot an handels\u00fcblichen Motoren ist umfangreich und gut. Trotzdem gibt es in der Praxis immer wieder F\u00e4lle, die nach <img loading=\"lazy\" decoding=\"async\" class=\"size-full wp-image-113 alignleft\" src=\"https:\/\/fluehs-elektromaschinen.de\/site\/wp-content\/uploads\/2018\/01\/lager.jpg\" alt=\"\" width=\"226\" height=\"160\" \/>einer\u00a0<b>besonderen L\u00f6sung suchen<\/b>. Nach Ihren individuellen Anforderungen bauen wir f\u00fcr Sie Elektromotoren, die der Markt nicht bietet. M\u00f6glich ist eigentlich alles.<\/p>\n<p><strong>Es mu\u00df nicht immer ein Neubau sein<\/strong><\/p>\n<p>&nbsp;<\/p>\n<p>Schon vorhandene Motoren lassen sich vielf\u00e4ltig Ihren\u00a0<b>speziellen W\u00fcnschen anpassen.<\/b><\/p>\n","protected":false},"excerpt":{"rendered":"<p>Unser Verkauf bietet Ihnen Qualit\u00e4t\u00a0zum g\u00fcnstigen Preis Der Markt\u00a0bietet verschiedene Leistungs\u00adklassen und Spezifika\u00adtionen Wir machen f\u00fcr Sie die F\u00fclle der [&hellip;]<\/p>\n","protected":false},"author":1,"featured_media":0,"parent":0,"menu_order":0,"comment_status":"closed","ping_status":"closed","template":"","meta":{"footnotes":""},"class_list":["post-84","page","type-page","status-publish","hentry"],"_links":{"self":[{"href":"https:\/\/fluehs-elektromaschinen.de\/site\/index.php\/wp-json\/wp\/v2\/pages\/84","targetHints":{"allow":["GET"]}}],"collection":[{"href":"https:\/\/fluehs-elektromaschinen.de\/site\/index.php\/wp-json\/wp\/v2\/pages"}],"about":[{"href":"https:\/\/fluehs-elektromaschinen.de\/site\/index.php\/wp-json\/wp\/v2\/types\/page"}],"author":[{"embeddable":true,"href":"https:\/\/fluehs-elektromaschinen.de\/site\/index.php\/wp-json\/wp\/v2\/users\/1"}],"replies":[{"embeddable":true,"href":"https:\/\/fluehs-elektromaschinen.de\/site\/index.php\/wp-json\/wp\/v2\/comments?post=84"}],"version-history":[{"count":12,"href":"https:\/\/fluehs-elektromaschinen.de\/site\/index.php\/wp-json\/wp\/v2\/pages\/84\/revisions"}],"predecessor-version":[{"id":119,"href":"https:\/\/fluehs-elektromaschinen.de\/site\/index.php\/wp-json\/wp\/v2\/pages\/84\/revisions\/119"}],"wp:attachment":[{"href":"https:\/\/fluehs-elektromaschinen.de\/site\/index.php\/wp-json\/wp\/v2\/media?parent=84"}],"curies":[{"name":"wp","href":"https:\/\/api.w.org\/{rel}","templated":true}]}}